{"id":11907,"date":"2024-03-01T10:57:09","date_gmt":"2024-03-01T10:57:09","guid":{"rendered":"https:\/\/basetryp.tryplisboacaparica.com\/?page_id=11907"},"modified":"2024-05-20T10:29:56","modified_gmt":"2024-05-20T09:29:56","slug":"haufig-gestellte-fragen","status":"publish","type":"page","link":"https:\/\/www.hoteldamusica.com\/de\/haufig-gestellte-fragen\/","title":{"rendered":"FAQs"},"content":{"rendered":"\t\t<div data-elementor-type=\"wp-page\" data-elementor-id=\"11907\" class=\"elementor elementor-11907 elementor-11872\" data-elementor-post-type=\"page\">\n\t\t\t\t<section class=\"elementor-element elementor-element-98e25f4 e-con-full e-flex e-con e-parent\" data-id=\"98e25f4\" data-element_type=\"container\" data-settings=\"{&quot;background_background&quot;:&quot;classic&quot;}\">\n\t\t<div class=\"elementor-element elementor-element-d83e259 e-con-full e-flex e-con e-child\" data-id=\"d83e259\" data-element_type=\"container\">\n\t\t\t\t<div class=\"elementor-element elementor-element-d8c2073 elementor-widget elementor-widget-heading\" data-id=\"d8c2073\" data-element_type=\"widget\" data-widget_type=\"heading.default\">\n\t\t\t\t<div class=\"elementor-widget-container\">\n\t\t\t\t\t<h1 class=\"elementor-heading-title elementor-size-default\">FAQS<\/h1>\t\t\t\t<\/div>\n\t\t\t\t<\/div>\n\t\t\t\t<\/div>\n\t\t\t\t<\/section>\n\t\t<div class=\"elementor-element elementor-element-04f3936 e-con-full e-flex e-con e-parent\" data-id=\"04f3936\" data-element_type=\"container\">\n\t\t\t\t<div class=\"elementor-element elementor-element-7f4807a elementor-widget elementor-widget-shortcode\" data-id=\"7f4807a\" data-element_type=\"widget\" data-widget_type=\"shortcode.default\">\n\t\t\t\t<div class=\"elementor-widget-container\">\n\t\t\t\t\t\t\t<div class=\"elementor-shortcode\"><div class=\"elementor-element elementor-widget__width-inherit e-n-tabs-mobile elementor-widget elementor-widget-n-tabs hoti-tabs\"\r\n        data-element_type=\"widget\"\r\n        data-settings=\"{&quot;tabs_justify_horizontal&quot;:&quot;start&quot;,&quot;horizontal_scroll&quot;:&quot;disable&quot;} \"\r\n        data-widget_type=\"nested-tabs.default\">\r\n    <div class=\"elementor-widget-container\">\r\n        <div class=\"e-n-tabs\"\r\n                data-widget-number=\"889\"\r\n                aria-label=\"Tabs. Open items with Enter or Space, close with Escape and navigate using the Arrow keys.\"\r\n                data-touch-mode=\"false\">\r\n            <div class=\"e-n-tabs-heading\" role=\"tablist\" data-page-x=\"\">\r\n                                    <button id=\"e-n-tabs-title-263\"\r\n                            class=\"e-n-tab-title\"\r\n                            aria-selected=\"true\"\r\n                            data-tab-index=\"1\"\r\n                            role=\"tab\"\r\n                            tabindex=\"-1\"\r\n                            aria-controls=\"e-n-tab-content-263\"\r\n                            style=\"--n-tabs-title-order: 1;\">\r\n                        <span class=\"e-n-tab-title-text\"> Rekrutierung <\/span>\r\n                    <\/button>\r\n                                        <button id=\"e-n-tabs-title-264\"\r\n                            class=\"e-n-tab-title\"\r\n                            aria-selected=\"false\"\r\n                            data-tab-index=\"2\"\r\n                            role=\"tab\"\r\n                            tabindex=\"-1\"\r\n                            aria-controls=\"e-n-tab-content-264\"\r\n                            style=\"--n-tabs-title-order: 2;\">\r\n                        <span class=\"e-n-tab-title-text\"> Buchungen <\/span>\r\n                    <\/button>\r\n                                        <button id=\"e-n-tabs-title-265\"\r\n                            class=\"e-n-tab-title\"\r\n                            aria-selected=\"false\"\r\n                            data-tab-index=\"3\"\r\n                            role=\"tab\"\r\n                            tabindex=\"-1\"\r\n                            aria-controls=\"e-n-tab-content-265\"\r\n                            style=\"--n-tabs-title-order: 3;\">\r\n                        <span class=\"e-n-tab-title-text\"> Restaurant <\/span>\r\n                    <\/button>\r\n                                        <button id=\"e-n-tabs-title-258\"\r\n                            class=\"e-n-tab-title\"\r\n                            aria-selected=\"false\"\r\n                            data-tab-index=\"4\"\r\n                            role=\"tab\"\r\n                            tabindex=\"-1\"\r\n                            aria-controls=\"e-n-tab-content-258\"\r\n                            style=\"--n-tabs-title-order: 4;\">\r\n                        <span class=\"e-n-tab-title-text\"> Hotel <\/span>\r\n                    <\/button>\r\n                                        <button id=\"e-n-tabs-title-259\"\r\n                            class=\"e-n-tab-title\"\r\n                            aria-selected=\"false\"\r\n                            data-tab-index=\"5\"\r\n                            role=\"tab\"\r\n                            tabindex=\"-1\"\r\n                            aria-controls=\"e-n-tab-content-259\"\r\n                            style=\"--n-tabs-title-order: 5;\">\r\n                        <span class=\"e-n-tab-title-text\"> Standort <\/span>\r\n                    <\/button>\r\n                                        <button id=\"e-n-tabs-title-260\"\r\n                            class=\"e-n-tab-title\"\r\n                            aria-selected=\"false\"\r\n                            data-tab-index=\"6\"\r\n                            role=\"tab\"\r\n                            tabindex=\"-1\"\r\n                            aria-controls=\"e-n-tab-content-260\"\r\n                            style=\"--n-tabs-title-order: 6;\">\r\n                        <span class=\"e-n-tab-title-text\"> Preise und Zahlungen <\/span>\r\n                    <\/button>\r\n                                        <button id=\"e-n-tabs-title-261\"\r\n                            class=\"e-n-tab-title\"\r\n                            aria-selected=\"false\"\r\n                            data-tab-index=\"7\"\r\n                            role=\"tab\"\r\n                            tabindex=\"-1\"\r\n                            aria-controls=\"e-n-tab-content-261\"\r\n                            style=\"--n-tabs-title-order: 7;\">\r\n                        <span class=\"e-n-tab-title-text\"> Schlafr\u00e4ume <\/span>\r\n                    <\/button>\r\n                                        <button id=\"e-n-tabs-title-262\"\r\n                            class=\"e-n-tab-title\"\r\n                            aria-selected=\"false\"\r\n                            data-tab-index=\"8\"\r\n                            role=\"tab\"\r\n                            tabindex=\"-1\"\r\n                            aria-controls=\"e-n-tab-content-262\"\r\n                            style=\"--n-tabs-title-order: 8;\">\r\n                        <span class=\"e-n-tab-title-text\"> Rezeption <\/span>\r\n                    <\/button>\r\n                                <\/div>\r\n        <\/div>\r\n    <\/div>\r\n<\/div>\r\n\r\n<div class=\"e-n-tabs-content\">\r\n    <div id=\"e-n-tab-content-263\"\r\n            role=\"tabpanel\"\r\n            aria-labelledby=\"e-n-tabs-title-263\"\r\n            data-tab-index=\"1\"\r\n            style=\"--n-tabs-title-order: 1;\"\r\n            class=\"elementor-element elementor-element-d2a5dae e-con-full e-flex e-con e-child e-active\"\r\n            data-element_type=\"container\"\r\n            data-settings=\"{&quot;content_width&quot;:&quot;full&quot;}\">\r\n            <div class=\"elementor-element elementor-widget__width-inherit elementor-widget elementor-widget-n-accordion\"\r\n                data-element_type=\"widget\"\r\n                data-settings=\"{&quot;default_state&quot;:&quot;expanded&quot;,&quot;max_items_expended&quot;:&quot;one&quot;,&quot;n_accordion_animation_duration&quot;:{&quot;unit&quot;:&quot;ms&quot;,&quot;size&quot;:400,&quot;sizes&quot;:[]}}\"\r\n                data-widget_type=\"nested-accordion.default\">\r\n            <div class=\"elementor-widget-container\">\r\n                <div class=\"e-n-accordion\"\r\n                        aria-label=\"Accordion. Open links with Enter or Space, close with Escape, and navigate with Arrow Keys\">\r\n                                                    <details id=\"e-n-accordion-item-12513\"\r\n                                            class=\"e-n-accordion-item\">\r\n                                    <summary class=\"e-n-accordion-item-title\"\r\n                                                data-accordion-index=\"1\"\r\n                                                tabindex=\"0\"\r\n                                                aria-expanded=\"true\"\r\n                                                aria-controls=\"e-n-accordion-item-12513\">\r\n                                        <span class=\"e-n-accordion-item-title-header\">\r\n                                            <div class=\"e-n-accordion-item-title-text\">\r\n                                                Ist es m\u00f6glich, meinen Lebenslauf zu schicken, um dem Hotelteam beizutreten?                                            <\/div>\r\n                                        <\/span>\r\n                                        <span class=\"e-n-accordion-item-title-icon\">\r\n                                            <span class=\"e-opened\">\r\n                                                <svg xmlns=\"http:\/\/www.w3.org\/2000\/svg\"\r\n                                                        width=\"20\"\r\n                                                        height=\"20\"\r\n                                                        viewBox=\"0 0 20 20\"\r\n                                                        fill=\"#58595B\">\r\n                                                    <path d=\"M17.4844 18.8906L9.75 11.0977L1.95703 18.8906C1.60547 19.2422 1.01953 19.2422 0.609375 18.8906C0.257812 18.4805 0.257812 17.8945 0.609375 17.543L8.40234 9.75L0.609375 2.01562C0.257812 1.66406 0.257812 1.07812 0.609375 0.667969C1.01953 0.316406 1.60547 0.316406 1.95703 0.667969L9.75 8.46094L17.4844 0.667969C17.8359 0.316406 18.4219 0.316406 18.832 0.667969C19.1836 1.07812 19.1836 1.66406 18.832 2.01562L11.0391 9.75L18.832 17.543C19.1836 17.8945 19.1836 18.4805 18.832 18.8906C18.4219 19.2422 17.8359 19.2422 17.4844 18.8906Z\"><\/path>\r\n                                                <\/svg>\r\n                                            <\/span>\r\n                                            <span class=\"e-closed\">\r\n                                                <svg xmlns=\"http:\/\/www.w3.org\/2000\/svg\"\r\n                                                        width=\"26\"\r\n                                                        height=\"25\"\r\n                                                        viewBox=\"0 0 26 25\"\r\n                                                        fill=\"#58595B\">\r\n                                                    <path d=\"M13.8125 1.5V11.8125H24.125C24.5938 11.8125 25.0625 12.2812 25.0625 12.75C25.0625 13.2773 24.5938 13.6875 24.125 13.6875H13.8125V24C13.8125 24.5273 13.3438 24.9375 12.875 24.9375C12.3477 24.9375 11.9375 24.5273 11.9375 24V13.6875H1.625C1.09766 13.6875 0.6875 13.2773 0.6875 12.75C0.6875 12.2812 1.09766 11.8125 1.625 11.8125H11.9375V1.5C11.9375 1.03125 12.3477 0.5625 12.875 0.5625C13.3438 0.5625 13.8125 1.03125 13.8125 1.5Z\"><\/path>\r\n                                                <\/svg>\r\n                                            <\/span>\r\n                                        <\/span>\r\n                                    <\/summary>\r\n                                    <div role=\"region\"\r\n                                            aria-labelledby=\"e-n-accordion-item-12513\"\r\n                                            class=\"elementor-element e-con-full e-flex e-con e-child\"\r\n                                            data-element_type=\"container\"\r\n                                            data-settings=\"{&quot;content_width&quot;:&quot;full&quot;}\">\r\n                                        <div class=\"elementor-element elementor-widget elementor-widget-text-editor\"\r\n                                                data-element_type=\"widget\"\r\n                                                data-widget_type=\"text-editor.default\">\r\n                                            <div class=\"elementor-widget-container\">\r\n                                                <p>Ja, senden Sie Ihren Lebenslauf an: <a href=\"mailto:recrutamento@hotihoteis.com\" target=\"_blank\" rel=\"noopener\">recrutamento@hotihoteis.com<\/a>.<\/p>\n                                            <\/div>\r\n                                        <\/div>\r\n                                    <\/div>\r\n                                <\/details>\r\n                                                <\/div>\r\n            <\/div>\r\n    <\/div>\r\n<\/div>\r\n<\/div>\n\t\t\t\t\t\t<\/div>\n\t\t\t\t<\/div>\n\t\t\t\t<\/div>\n\t\t\t\t<\/div>\n\t\t","protected":false},"excerpt":{"rendered":"<p>FAQS<\/p>\n","protected":false},"author":1,"featured_media":0,"parent":0,"menu_order":0,"comment_status":"closed","ping_status":"closed","template":"","meta":{"_acf_changed":false,"footnotes":""},"class_list":["post-11907","page","type-page","status-publish","hentry"],"acf":[],"yoast_head":"<!-- This site is optimized with the Yoast SEO plugin v24.5 - https:\/\/yoast.com\/wordpress\/plugins\/seo\/ -->\n<title>FAQs - Hotel da M\u00fasica<\/title>\n<meta name=\"description\" content=\"Hotel no Porto com localiza\u00e7\u00e3o privilegiada. Melhor pre\u00e7o. Consulte as nossas promo\u00e7\u00f5es e vantagens. Desfrute da sua estadia.\" \/>\n<meta name=\"robots\" content=\"index, follow, max-snippet:-1, max-image-preview:large, max-video-preview:-1\" \/>\n<link rel=\"canonical\" href=\"https:\/\/www.hoteldamusica.com\/de\/haufig-gestellte-fragen\/\" \/>\n<meta property=\"og:locale\" content=\"de_DE\" \/>\n<meta property=\"og:type\" content=\"article\" \/>\n<meta property=\"og:title\" content=\"FAQs - Hotel da M\u00fasica\" \/>\n<meta property=\"og:description\" content=\"Hotel no Porto com localiza\u00e7\u00e3o privilegiada. Melhor pre\u00e7o. Consulte as nossas promo\u00e7\u00f5es e vantagens. Desfrute da sua estadia.\" \/>\n<meta property=\"og:url\" content=\"https:\/\/www.hoteldamusica.com\/de\/haufig-gestellte-fragen\/\" \/>\n<meta property=\"og:site_name\" content=\"Hotel da M\u00fasica\" \/>\n<meta property=\"article:publisher\" content=\"https:\/\/www.facebook.com\/HoteldaMusica\/\" \/>\n<meta property=\"article:modified_time\" content=\"2024-05-20T09:29:56+00:00\" \/>\n<meta property=\"og:image\" content=\"https:\/\/www.hoteldamusica.com\/wp-content\/uploads\/sites\/28\/2024\/07\/HOTEL_DA_MUSICA_Ope.jpg\" \/>\n\t<meta property=\"og:image:width\" content=\"1200\" \/>\n\t<meta property=\"og:image:height\" content=\"630\" \/>\n\t<meta property=\"og:image:type\" content=\"image\/jpeg\" \/>\n<meta name=\"twitter:card\" content=\"summary_large_image\" \/>\n<meta name=\"twitter:label1\" content=\"Gesch\u00e4tzte Lesezeit\" \/>\n\t<meta name=\"twitter:data1\" content=\"8\u00a0Minuten\" \/>\n<script type=\"application\/ld+json\" class=\"yoast-schema-graph\">{\"@context\":\"https:\/\/schema.org\",\"@graph\":[{\"@type\":\"WebPage\",\"@id\":\"https:\/\/www.hoteldamusica.com\/de\/haufig-gestellte-fragen\/\",\"url\":\"https:\/\/www.hoteldamusica.com\/de\/haufig-gestellte-fragen\/\",\"name\":\"FAQs - Hotel da M\u00fasica\",\"isPartOf\":{\"@id\":\"https:\/\/www.hoteldamusica.com\/de\/#website\"},\"datePublished\":\"2024-03-01T10:57:09+00:00\",\"dateModified\":\"2024-05-20T09:29:56+00:00\",\"description\":\"Hotel no Porto com localiza\u00e7\u00e3o privilegiada. Melhor pre\u00e7o. Consulte as nossas promo\u00e7\u00f5es e vantagens. Desfrute da sua estadia.\",\"breadcrumb\":{\"@id\":\"https:\/\/www.hoteldamusica.com\/de\/haufig-gestellte-fragen\/#breadcrumb\"},\"inLanguage\":\"de\",\"potentialAction\":[{\"@type\":\"ReadAction\",\"target\":[\"https:\/\/www.hoteldamusica.com\/de\/haufig-gestellte-fragen\/\"]}]},{\"@type\":\"BreadcrumbList\",\"@id\":\"https:\/\/www.hoteldamusica.com\/de\/haufig-gestellte-fragen\/#breadcrumb\",\"itemListElement\":[{\"@type\":\"ListItem\",\"position\":1,\"name\":\"In\u00edcio\",\"item\":\"https:\/\/www.hoteldamusica.com\/de\/\"},{\"@type\":\"ListItem\",\"position\":2,\"name\":\"FAQs\"}]},{\"@type\":\"WebSite\",\"@id\":\"https:\/\/www.hoteldamusica.com\/de\/#website\",\"url\":\"https:\/\/www.hoteldamusica.com\/de\/\",\"name\":\"Hotel da M\u00fasica\",\"description\":\"Hotel no Porto com localiza\u00e7\u00e3o privilegiada. Melhor pre\u00e7o. Consulte as nossas promo\u00e7\u00f5es e vantagens. Desfrute da sua estadia.\",\"publisher\":{\"@id\":\"https:\/\/www.hoteldamusica.com\/de\/#organization\"},\"potentialAction\":[{\"@type\":\"SearchAction\",\"target\":{\"@type\":\"EntryPoint\",\"urlTemplate\":\"https:\/\/www.hoteldamusica.com\/de\/?s={search_term_string}\"},\"query-input\":{\"@type\":\"PropertyValueSpecification\",\"valueRequired\":true,\"valueName\":\"search_term_string\"}}],\"inLanguage\":\"de\"},{\"@type\":\"Organization\",\"@id\":\"https:\/\/www.hoteldamusica.com\/de\/#organization\",\"name\":\"Hotel da M\u00fasica\",\"alternateName\":\"Hotel da M\u00fasica\",\"url\":\"https:\/\/www.hoteldamusica.com\/de\/\",\"logo\":{\"@type\":\"ImageObject\",\"inLanguage\":\"de\",\"@id\":\"https:\/\/www.hoteldamusica.com\/de\/#\/schema\/logo\/image\/\",\"url\":\"https:\/\/www.hoteldamusica.com\/wp-content\/uploads\/sites\/28\/2023\/11\/HotelDaMusica_Logo.png\",\"contentUrl\":\"https:\/\/www.hoteldamusica.com\/wp-content\/uploads\/sites\/28\/2023\/11\/HotelDaMusica_Logo.png\",\"width\":93,\"height\":90,\"caption\":\"Hotel da M\u00fasica\"},\"image\":{\"@id\":\"https:\/\/www.hoteldamusica.com\/de\/#\/schema\/logo\/image\/\"},\"sameAs\":[\"https:\/\/www.facebook.com\/HoteldaMusica\/\",\"https:\/\/www.linkedin.com\/company\/hoti-hoteis\/\"]}]}<\/script>\n<!-- \/ Yoast SEO plugin. -->","yoast_head_json":{"title":"FAQs - Hotel da M\u00fasica","description":"Hotel no Porto com localiza\u00e7\u00e3o privilegiada. Melhor pre\u00e7o. Consulte as nossas promo\u00e7\u00f5es e vantagens. Desfrute da sua estadia.","robots":{"index":"index","follow":"follow","max-snippet":"max-snippet:-1","max-image-preview":"max-image-preview:large","max-video-preview":"max-video-preview:-1"},"canonical":"https:\/\/www.hoteldamusica.com\/de\/haufig-gestellte-fragen\/","og_locale":"de_DE","og_type":"article","og_title":"FAQs - Hotel da M\u00fasica","og_description":"Hotel no Porto com localiza\u00e7\u00e3o privilegiada. Melhor pre\u00e7o. Consulte as nossas promo\u00e7\u00f5es e vantagens. Desfrute da sua estadia.","og_url":"https:\/\/www.hoteldamusica.com\/de\/haufig-gestellte-fragen\/","og_site_name":"Hotel da M\u00fasica","article_publisher":"https:\/\/www.facebook.com\/HoteldaMusica\/","article_modified_time":"2024-05-20T09:29:56+00:00","og_image":[{"width":1200,"height":630,"url":"https:\/\/www.hoteldamusica.com\/wp-content\/uploads\/sites\/28\/2024\/07\/HOTEL_DA_MUSICA_Ope.jpg","type":"image\/jpeg"}],"twitter_card":"summary_large_image","twitter_misc":{"Gesch\u00e4tzte Lesezeit":"8\u00a0Minuten"},"schema":{"@context":"https:\/\/schema.org","@graph":[{"@type":"WebPage","@id":"https:\/\/www.hoteldamusica.com\/de\/haufig-gestellte-fragen\/","url":"https:\/\/www.hoteldamusica.com\/de\/haufig-gestellte-fragen\/","name":"FAQs - Hotel da M\u00fasica","isPartOf":{"@id":"https:\/\/www.hoteldamusica.com\/de\/#website"},"datePublished":"2024-03-01T10:57:09+00:00","dateModified":"2024-05-20T09:29:56+00:00","description":"Hotel no Porto com localiza\u00e7\u00e3o privilegiada. Melhor pre\u00e7o. Consulte as nossas promo\u00e7\u00f5es e vantagens. Desfrute da sua estadia.","breadcrumb":{"@id":"https:\/\/www.hoteldamusica.com\/de\/haufig-gestellte-fragen\/#breadcrumb"},"inLanguage":"de","potentialAction":[{"@type":"ReadAction","target":["https:\/\/www.hoteldamusica.com\/de\/haufig-gestellte-fragen\/"]}]},{"@type":"BreadcrumbList","@id":"https:\/\/www.hoteldamusica.com\/de\/haufig-gestellte-fragen\/#breadcrumb","itemListElement":[{"@type":"ListItem","position":1,"name":"In\u00edcio","item":"https:\/\/www.hoteldamusica.com\/de\/"},{"@type":"ListItem","position":2,"name":"FAQs"}]},{"@type":"WebSite","@id":"https:\/\/www.hoteldamusica.com\/de\/#website","url":"https:\/\/www.hoteldamusica.com\/de\/","name":"Hotel da M\u00fasica","description":"Hotel no Porto com localiza\u00e7\u00e3o privilegiada. Melhor pre\u00e7o. Consulte as nossas promo\u00e7\u00f5es e vantagens. Desfrute da sua estadia.","publisher":{"@id":"https:\/\/www.hoteldamusica.com\/de\/#organization"},"potentialAction":[{"@type":"SearchAction","target":{"@type":"EntryPoint","urlTemplate":"https:\/\/www.hoteldamusica.com\/de\/?s={search_term_string}"},"query-input":{"@type":"PropertyValueSpecification","valueRequired":true,"valueName":"search_term_string"}}],"inLanguage":"de"},{"@type":"Organization","@id":"https:\/\/www.hoteldamusica.com\/de\/#organization","name":"Hotel da M\u00fasica","alternateName":"Hotel da M\u00fasica","url":"https:\/\/www.hoteldamusica.com\/de\/","logo":{"@type":"ImageObject","inLanguage":"de","@id":"https:\/\/www.hoteldamusica.com\/de\/#\/schema\/logo\/image\/","url":"https:\/\/www.hoteldamusica.com\/wp-content\/uploads\/sites\/28\/2023\/11\/HotelDaMusica_Logo.png","contentUrl":"https:\/\/www.hoteldamusica.com\/wp-content\/uploads\/sites\/28\/2023\/11\/HotelDaMusica_Logo.png","width":93,"height":90,"caption":"Hotel da M\u00fasica"},"image":{"@id":"https:\/\/www.hoteldamusica.com\/de\/#\/schema\/logo\/image\/"},"sameAs":["https:\/\/www.facebook.com\/HoteldaMusica\/","https:\/\/www.linkedin.com\/company\/hoti-hoteis\/"]}]}},"_links":{"self":[{"href":"https:\/\/www.hoteldamusica.com\/de\/wp-json\/wp\/v2\/pages\/11907","targetHints":{"allow":["GET"]}}],"collection":[{"href":"https:\/\/www.hoteldamusica.com\/de\/wp-json\/wp\/v2\/pages"}],"about":[{"href":"https:\/\/www.hoteldamusica.com\/de\/wp-json\/wp\/v2\/types\/page"}],"author":[{"embeddable":true,"href":"https:\/\/www.hoteldamusica.com\/de\/wp-json\/wp\/v2\/users\/1"}],"replies":[{"embeddable":true,"href":"https:\/\/www.hoteldamusica.com\/de\/wp-json\/wp\/v2\/comments?post=11907"}],"version-history":[{"count":10,"href":"https:\/\/www.hoteldamusica.com\/de\/wp-json\/wp\/v2\/pages\/11907\/revisions"}],"predecessor-version":[{"id":20492,"href":"https:\/\/www.hoteldamusica.com\/de\/wp-json\/wp\/v2\/pages\/11907\/revisions\/20492"}],"wp:attachment":[{"href":"https:\/\/www.hoteldamusica.com\/de\/wp-json\/wp\/v2\/media?parent=11907"}],"curies":[{"name":"wp","href":"https:\/\/api.w.org\/{rel}","templated":true}]}}